{"id":11,"date":"2021-06-28T12:26:31","date_gmt":"2021-06-28T10:26:31","guid":{"rendered":"http:\/\/ecoleselva.fr\/?page_id=11"},"modified":"2021-06-28T12:26:31","modified_gmt":"2021-06-28T10:26:31","slug":"lenvironnement-et-les-amenagements-materiels","status":"publish","type":"page","link":"https:\/\/ecoleselva.fr\/?page_id=11","title":{"rendered":"L\u2019environnement et les am\u00e9nagements mat\u00e9riels"},"content":{"rendered":"\n<p><strong>Situation<\/strong><strong><\/strong><\/p>\n\n\n\n<p>L\u2019\u00e9cole &nbsp;Selva est situ\u00e9e \u00e0 Etables sur un terrain&nbsp; de 4 hectares&nbsp; au coeur de la nature, entre bois et rivi\u00e8re. Les locaux de l\u2019\u00e9cole sont dans une habitation traditionnelle en pierres. Nous nous engageons \u00e0 mettre en application au quotidien des <strong>pratiques respectueuses de l\u2019environnement<\/strong> telles que le recyclage des d\u00e9chets et leur compostage.<\/p>\n\n\n\n<p><strong>Am\u00e9nagements<\/strong><\/p>\n\n\n\n<p>D\u00e9s que le temps le permettra, nous serons le plus possible en ext\u00e9rieur pour tous les apprentissages qui seront propos\u00e9s sous forme d\u2019ateliers autonomes et compatibles avec une utilisation en ext\u00e9rieur.<\/p>\n\n\n\n<p>&nbsp;L\u2019organisation du lieu \u00ab&nbsp;classe&nbsp;\u00bb est \u00e0 tout moment <strong>modulable<\/strong> (enseignement avec table et chaises ou au sol sur tapis), afin de r\u00e9pondre aux besoins des enfants : activit\u00e9s collectives ou individuelles, respect du style d\u2019apprentissage de chacun, besoin naturel de mouvement pour se concentrer. Ces am\u00e9nagements sont accompagn\u00e9s de la mise en place des pratiques \u00e9cologiques requises afin de respecter l\u2019environnement et d\u2019offrir aux enfants un <strong>lieu serein et plaisant<\/strong>, capable de <strong>favoriser leurs apprentissages et leur bien \u00eatre<\/strong>.<\/p>\n","protected":false},"excerpt":{"rendered":"<p>Situation L\u2019\u00e9cole &nbsp;Selva est situ\u00e9e \u00e0 Etables sur un terrain&nbsp; de 4 hectares&nbsp; au coeur de la nature, entre bois et rivi\u00e8re. Les locaux de l\u2019\u00e9cole sont dans une habitation traditionnelle en pierres. Nous nous engageons \u00e0 mettre en application au quotidien des pratiques respectueuses de l\u2019environnement telles que le recyclage des d\u00e9chets et leur [&hellip;]<\/p>\n","protected":false},"author":1,"featured_media":0,"parent":0,"menu_order":0,"comment_status":"closed","ping_status":"closed","template":"","meta":[],"_links":{"self":[{"href":"https:\/\/ecoleselva.fr\/index.php?rest_route=\/wp\/v2\/pages\/11"}],"collection":[{"href":"https:\/\/ecoleselva.fr\/index.php?rest_route=\/wp\/v2\/pages"}],"about":[{"href":"https:\/\/ecoleselva.fr\/index.php?rest_route=\/wp\/v2\/types\/page"}],"author":[{"embeddable":true,"href":"https:\/\/ecoleselva.fr\/index.php?rest_route=\/wp\/v2\/users\/1"}],"replies":[{"embeddable":true,"href":"https:\/\/ecoleselva.fr\/index.php?rest_route=%2Fwp%2Fv2%2Fcomments&post=11"}],"version-history":[{"count":1,"href":"https:\/\/ecoleselva.fr\/index.php?rest_route=\/wp\/v2\/pages\/11\/revisions"}],"predecessor-version":[{"id":12,"href":"https:\/\/ecoleselva.fr\/index.php?rest_route=\/wp\/v2\/pages\/11\/revisions\/12"}],"wp:attachment":[{"href":"https:\/\/ecoleselva.fr\/index.php?rest_route=%2Fwp%2Fv2%2Fmedia&parent=11"}],"curies":[{"name":"wp","href":"https:\/\/api.w.org\/{rel}","templated":true}]}}