{"id":13,"date":"2021-06-28T12:27:09","date_gmt":"2021-06-28T10:27:09","guid":{"rendered":"http:\/\/ecoleselva.fr\/?page_id=13"},"modified":"2021-06-28T12:27:09","modified_gmt":"2021-06-28T10:27:09","slug":"les-orientations-pedagogiques","status":"publish","type":"page","link":"https:\/\/ecoleselva.fr\/?page_id=13","title":{"rendered":"Les orientations p\u00e9dagogiques"},"content":{"rendered":"\n<p>Les axes d\u2019intervention des orientations p\u00e9dagogiques choisis par l\u2019\u00e9cole &nbsp;Selva sont les suivants :<\/p>\n\n\n\n<p><strong>Le respect envers soi, autrui et l\u2019environnement : une \u00e9cole du respect du Vivant !<\/strong><strong><\/strong><\/p>\n\n\n\n<p>Le <strong>Respect de Soi<\/strong> concerne le <strong>savoir \u00eatre<\/strong> et le <strong>savoir faire<\/strong> des enfants. Il implique l\u2019enseignement d\u2019une authentique <strong>connaissance de soi<\/strong> : connaissance, reconnaissance et gestion des ressentis et des <strong>\u00e9motions<\/strong>, respect des <strong>besoins<\/strong> humains fondamentaux, d\u00e9veloppement des <strong>comp\u00e9tences<\/strong> et optimisation des <strong>talents<\/strong>.<\/p>\n\n\n\n<p>Le <strong>Respect d\u2019Autrui<\/strong> concerne le <strong>savoir \u00eatre des enfants dans leurs interactions avec autrui<\/strong>. Il implique l\u2019enseignement de comp\u00e9tences relationnelles et psychosociales destin\u00e9es \u00e0 leur permettre de vivre sainement et en harmonie avec autrui. Cet enseignement passe par l\u2019apprentissage de la <strong>coop\u00e9ration<\/strong>, de <strong>gestion des conflits<\/strong>, l\u2019<strong>\u00e9ducation \u00e0 la paix<\/strong> et l\u2019<strong>ouverture sur le monde<\/strong>.<\/p>\n\n\n\n<p>Le <strong>Respect de l\u2019Environnement<\/strong> porte sur le d\u00e9veloppement de la conscience que la Terre est pr\u00e9cieuse et doit \u00eatre respect\u00e9e et soign\u00e9e. Il implique un enseignement de l\u2019<strong>\u00e9cocitoyennet\u00e9<\/strong> et des <strong>pratiques \u00e9cologiques<\/strong> et respectueuses de l\u2019environnement ainsi qu&#8217;une c\u00e9l\u00e9bration du lien \u00e0 notre terre nourrici\u00e8re.<\/p>\n\n\n\n<h2><strong>La nature est une ressource p\u00e9dagogique.<\/strong><\/h2>\n\n\n\n<p>La nature est un merveilleux milieu pour les apprentissages, v\u00e9ritable ressource pour l\u2019enfant dans sa d\u00e9couverte du monde et de la vie sociale. La for\u00eat offre \u00e0 l\u2019enfant de multiples fa\u00e7ons d\u2019apprendre, d\u2019explorer et d\u2019exp\u00e9rimenter, en mettant tous ses sens en \u00e9veil. Elle est aussi une source d\u2019inspiration, pour l\u2019enfant comme pour les enseignant-e-s qui l\u2019accompagnent. La vie en nature stimule la curiosit\u00e9, enrichit la relation \u00e0 soi, aux autres et \u00e0 son environnement, favorisant ainsi la confiance et l\u2019enracinement. Vivre des exp\u00e9riences dans la nature favorise aussi le d\u00e9veloppement de la conscience \u00e9cologique des enfants : la nature constitue notre milieu de vie et nous en faisons partie. Dans notre \u00e9cole, l\u2019enfant \u00e9tablit un lien, concret et affectif avec la nature; il la d\u00e9couvre avec tous ses sens, comprend son importance, sa richesse, ses \u00e9quilibres et prend ainsi conscience de son environnement dans sa globalit\u00e9. L\u2019\u00e9cole Selva mettra tout en \u0153uvre afin de permettre aux enfants l\u2019acquisition progressive des \u00e9l\u00e9ments du socle commun de connaissances de comp\u00e9tence et de culture au travers de p\u00e9dagogies respectueuses du rythme de chacun.<\/p>\n","protected":false},"excerpt":{"rendered":"<p>Les axes d\u2019intervention des orientations p\u00e9dagogiques choisis par l\u2019\u00e9cole &nbsp;Selva sont les suivants : Le respect envers soi, autrui et l\u2019environnement : une \u00e9cole du respect du Vivant ! Le Respect de Soi concerne le savoir \u00eatre et le savoir faire des enfants. Il implique l\u2019enseignement d\u2019une authentique connaissance de soi : connaissance, reconnaissance et [&hellip;]<\/p>\n","protected":false},"author":1,"featured_media":0,"parent":0,"menu_order":0,"comment_status":"closed","ping_status":"closed","template":"","meta":[],"_links":{"self":[{"href":"https:\/\/ecoleselva.fr\/index.php?rest_route=\/wp\/v2\/pages\/13"}],"collection":[{"href":"https:\/\/ecoleselva.fr\/index.php?rest_route=\/wp\/v2\/pages"}],"about":[{"href":"https:\/\/ecoleselva.fr\/index.php?rest_route=\/wp\/v2\/types\/page"}],"author":[{"embeddable":true,"href":"https:\/\/ecoleselva.fr\/index.php?rest_route=\/wp\/v2\/users\/1"}],"replies":[{"embeddable":true,"href":"https:\/\/ecoleselva.fr\/index.php?rest_route=%2Fwp%2Fv2%2Fcomments&post=13"}],"version-history":[{"count":1,"href":"https:\/\/ecoleselva.fr\/index.php?rest_route=\/wp\/v2\/pages\/13\/revisions"}],"predecessor-version":[{"id":14,"href":"https:\/\/ecoleselva.fr\/index.php?rest_route=\/wp\/v2\/pages\/13\/revisions\/14"}],"wp:attachment":[{"href":"https:\/\/ecoleselva.fr\/index.php?rest_route=%2Fwp%2Fv2%2Fmedia&parent=13"}],"curies":[{"name":"wp","href":"https:\/\/api.w.org\/{rel}","templated":true}]}}