{"id":15,"date":"2021-06-28T12:27:39","date_gmt":"2021-06-28T10:27:39","guid":{"rendered":"http:\/\/ecoleselva.fr\/?page_id=15"},"modified":"2021-07-01T17:43:12","modified_gmt":"2021-07-01T15:43:12","slug":"procedure-dadmission","status":"publish","type":"page","link":"https:\/\/ecoleselva.fr\/?page_id=15","title":{"rendered":"Proc\u00e9dure d\u2019admission"},"content":{"rendered":"\n<ol type=\"1\"><li>Premier contact et demande de rdv<\/li><li>Rdv d\u2019admission\u00a0: rencontre avec l\u2019\u00e9quipe, visites des locaux et r\u00e9ponses \u00e0 vos questions. La pr\u00e9sence de l\u2019enfant et des responsables l\u00e9gaux est requise.<\/li><li>Transmission du dossier d\u2019inscription<\/li><li>P\u00e9riode d\u2019essai de deux semaines\u00a0: elle est importante afin de d\u00e9couvrir pour la famille et l\u2019enfant si le concept de notre \u00e9cole leur convient et pour l\u2019\u00e9quipe, si l\u2019enfant s\u2019harmonise avec le groupe. Lors de la p\u00e9riode d\u2019essai, un ch\u00e8que de 150 euros \u00e9quivalent aux 15 jours est r\u00e9gl\u00e9 et le dossier d\u2019inscription est rempli.<\/li><li>Entretien de fin de p\u00e9riode d\u2019essai\u00a0: nous nous r\u00e9unissons avec la famille afin d\u2019\u00e9changer sur le v\u00e9cu de chacun et finaliser l\u2019inscription si tout le monde est d\u2019accord pour poursuivre l\u2019ann\u00e9e. La famille verse alors le compl\u00e9ment des frais de scolarit\u00e9 du mois en cours.<\/li><\/ol>\n\n\n\n<p>R\u00e8glement des frais de scolarit\u00e9&nbsp;: Chaque mois suivant, les frais de scolarit\u00e9 mensuels seront vers\u00e9s jusqu\u2019au mois de juin inclus.<\/p>\n","protected":false},"excerpt":{"rendered":"<p>Premier contact et demande de rdv Rdv d\u2019admission\u00a0: rencontre avec l\u2019\u00e9quipe, visites des locaux et r\u00e9ponses \u00e0 vos questions. La pr\u00e9sence de l\u2019enfant et des responsables l\u00e9gaux est requise. Transmission du dossier d\u2019inscription P\u00e9riode d\u2019essai de deux semaines\u00a0: elle est importante afin de d\u00e9couvrir pour la famille et l\u2019enfant si le concept de notre \u00e9cole [&hellip;]<\/p>\n","protected":false},"author":1,"featured_media":0,"parent":0,"menu_order":0,"comment_status":"closed","ping_status":"closed","template":"","meta":[],"_links":{"self":[{"href":"https:\/\/ecoleselva.fr\/index.php?rest_route=\/wp\/v2\/pages\/15"}],"collection":[{"href":"https:\/\/ecoleselva.fr\/index.php?rest_route=\/wp\/v2\/pages"}],"about":[{"href":"https:\/\/ecoleselva.fr\/index.php?rest_route=\/wp\/v2\/types\/page"}],"author":[{"embeddable":true,"href":"https:\/\/ecoleselva.fr\/index.php?rest_route=\/wp\/v2\/users\/1"}],"replies":[{"embeddable":true,"href":"https:\/\/ecoleselva.fr\/index.php?rest_route=%2Fwp%2Fv2%2Fcomments&post=15"}],"version-history":[{"count":3,"href":"https:\/\/ecoleselva.fr\/index.php?rest_route=\/wp\/v2\/pages\/15\/revisions"}],"predecessor-version":[{"id":63,"href":"https:\/\/ecoleselva.fr\/index.php?rest_route=\/wp\/v2\/pages\/15\/revisions\/63"}],"wp:attachment":[{"href":"https:\/\/ecoleselva.fr\/index.php?rest_route=%2Fwp%2Fv2%2Fmedia&parent=15"}],"curies":[{"name":"wp","href":"https:\/\/api.w.org\/{rel}","templated":true}]}}