{"id":19,"date":"2021-06-28T12:28:51","date_gmt":"2021-06-28T10:28:51","guid":{"rendered":"http:\/\/ecoleselva.fr\/?page_id=19"},"modified":"2021-07-01T17:39:47","modified_gmt":"2021-07-01T15:39:47","slug":"qui-sommes-nous","status":"publish","type":"page","link":"https:\/\/ecoleselva.fr\/?page_id=19","title":{"rendered":"Qui sommes nous ?"},"content":{"rendered":"\n<p class=\"has-text-align-center has-large-font-size\"><img class=\"wp-image-15\" style=\"width: 150px;\" src=\"https:\/\/selva.reinfrid.net\/wp-content\/uploads\/2021\/05\/amelie.png\" alt=\"\">Am\u00e9lie (43 ans) directrice et responsable p\u00e9dagogique<\/p>\n\n\n\n<p>Psychologue holistique et m\u00e8re de 4 enfants, j\u2019ai co-cr\u00e9e une \u00e9cole alternative en 2015 dans ma r\u00e9gion natale en Picardie. J\u2019ai dirig\u00e9 l\u2019\u00e9cole et y ai enseign\u00e9 pendant 5 ann\u00e9es. De nouveaux projets nous ont amen\u00e9 en famille vers l\u2019Ard\u00e8che, ch\u00e8re \u00e0 notre c\u0153ur, en juin 2020. L\u2019envie de cr\u00e9er un nouveau projet d\u2019\u00e9cole a \u00e9merg\u00e9 au contact de notre environnement au c\u0153ur de la nature. Tr\u00e8s reli\u00e9e au monde v\u00e9g\u00e9tal et animal, l\u2019envie de proposer une \u00e9cole dans la for\u00eat s\u2019est vite impos\u00e9e comme une \u00e9vidence. Ouvrir aux enfants un espace de connexion \u00e0 la nature afin qu\u2019ils la comprennent et aient envie de la prot\u00e9ger est un projet stimulant. \u00a0<\/p>\n\n\n\n<p>Form\u00e9e \u00e0 la Communication non violente, \u00e0 l\u2019\u00e9ducation respectueuse et aux cercles restauratifs, j\u2019aspire \u00e0 accompagner les enfants dans la compr\u00e9hension de leurs \u00e9motions et la gestion des conflits afin qu\u2019ils vivent sereinement leur quotidien. Ayant accompagn\u00e9 la scolarit\u00e9 d\u2019enfants de la maternelle au lyc\u00e9e avec diverses approches p\u00e9dagogiques, j\u2019aime trouver la voie d\u2019apprentissage qui permettra \u00e0 chacun de s\u2019\u00e9panouir.<\/p>\n\n\n\n<p><\/p>\n\n\n\n<p class=\"has-large-font-size\"><img class=\"wp-image-102\" style=\"width: 150px;\" src=\"https:\/\/selva.reinfrid.net\/wp-content\/uploads\/2021\/06\/Photo-Seb.jpg\" alt=\"\"> S\u00e9bastien (47 ans)<\/p>\n\n\n\n<p>Durant les 13 ann\u00e9es pass\u00e9es dans le monde des entreprises (A\u00e9ronautique, Textile, Banques et Assurances) et les multiples postes occup\u00e9s et missions remplies, l&#8217;humain et les relations inh\u00e9rentes ont toujours pris une place pr\u00e9pond\u00e9rante dans mon travail et mon<br>approche.<br>J&#8217;ai beaucoup appris sur moi et sur la relation \u00e0 l&#8217;autre avec toutes les personnes crois\u00e9es sur mon chemin. C&#8217;est donc apr\u00e8s 5 ann\u00e9es de formations et de travail personnel et bouscul\u00e9 par un \u00e9v\u00e9nement de ma vie que j&#8217;ai d\u00e9cid\u00e9 d\u2019\u0153uvrer \u00e0 temps plein depuis 8 ans dans la<br>relation d&#8217;aide, l&#8217;accompagnement \u00e0 la parentalit\u00e9 et \u00e0 la qualit\u00e9 du lien.<br>Je suis profond\u00e9ment convaincu du potentiel en chacun de nous. Une phrase me guide :<br><strong>\u00ab Le plus grand bien que nous puissions faire aux autres, n&#8217;est pas de leur communiquer notre richesse, mais de leur r\u00e9v\u00e9ler la leur \u00bb<\/strong> Louis Lavelle.<br>Co-cr\u00e9ateur de l&#8217;\u00e9cole du H\u00eatre Bienveillant en 2015, je m&#8217;y suis investi en tant que facilitateur afin que les enfants conscientisent leur richesse int\u00e9rieure et exp\u00e9rimente le vivre ensemble dans un environnement o\u00f9 pr\u00e9dominent la bienveillance et la Communication NonViolente. Chacun d&#8217;eux m&#8217;a enseign\u00e9 chaque jour, je me suis nourri \u00e0<br>leurs c\u00f4t\u00e9s et j&#8217;ai partag\u00e9 qui je suis.<br>La libert\u00e9 n&#8217;est pas l&#8217;anarchie, la bienveillance n&#8217;est pas le laxisme, la motivation comme moteur d&#8217;apprentissages, la joie comme \u00e9nergie \u00abverte \u00bb.<br>En parall\u00e8le, j&#8217;ai accompagn\u00e9 durant 3 ans les enfants en Zone d\u2019\u00c9ducation Prioritaire dans le cadre des Plateformes de R\u00e9ussite Educative.<br>Aujourd&#8217;hui, anim\u00e9 par le projet d&#8217;\u00e9cole dans la for\u00eat SELVA, j&#8217;ai \u00e0 c\u0153ur de partager mon exp\u00e9rience au c\u0153ur de la nature. La Nature est une formidable source d&#8217;invitation \u00e0 d\u00e9couvrir le monde et faire des ponts avec le socle commun d&#8217;apprentissages.<br>L&#8217;instruction au grand air en contact direct avec le vivant.<br>L&#8217;\u00e9ducation doit aider l&#8217;individu \u00e0 m\u00fbrir librement, \u00e0 s&#8217;\u00e9panouir en amour et en humanit\u00e9.<br>L&#8217;\u00e9ducation consiste \u00e0 comprendre l&#8217;enfant tel qu&#8217;il est, sans lui imposer l&#8217;image de ce que nous pensons qu&#8217;il devrait \u00eatre. Jiddu Krishnamurti<\/p>\n","protected":false},"excerpt":{"rendered":"<p>Am\u00e9lie (43 ans) directrice et responsable p\u00e9dagogique Psychologue holistique et m\u00e8re de 4 enfants, j\u2019ai co-cr\u00e9e une \u00e9cole alternative en 2015 dans ma r\u00e9gion natale en Picardie. J\u2019ai dirig\u00e9 l\u2019\u00e9cole et y ai enseign\u00e9 pendant 5 ann\u00e9es. De nouveaux projets nous ont amen\u00e9 en famille vers l\u2019Ard\u00e8che, ch\u00e8re \u00e0 notre c\u0153ur, en juin 2020. L\u2019envie [&hellip;]<\/p>\n","protected":false},"author":1,"featured_media":0,"parent":0,"menu_order":0,"comment_status":"closed","ping_status":"closed","template":"","meta":[],"_links":{"self":[{"href":"https:\/\/ecoleselva.fr\/index.php?rest_route=\/wp\/v2\/pages\/19"}],"collection":[{"href":"https:\/\/ecoleselva.fr\/index.php?rest_route=\/wp\/v2\/pages"}],"about":[{"href":"https:\/\/ecoleselva.fr\/index.php?rest_route=\/wp\/v2\/types\/page"}],"author":[{"embeddable":true,"href":"https:\/\/ecoleselva.fr\/index.php?rest_route=\/wp\/v2\/users\/1"}],"replies":[{"embeddable":true,"href":"https:\/\/ecoleselva.fr\/index.php?rest_route=%2Fwp%2Fv2%2Fcomments&post=19"}],"version-history":[{"count":3,"href":"https:\/\/ecoleselva.fr\/index.php?rest_route=\/wp\/v2\/pages\/19\/revisions"}],"predecessor-version":[{"id":61,"href":"https:\/\/ecoleselva.fr\/index.php?rest_route=\/wp\/v2\/pages\/19\/revisions\/61"}],"wp:attachment":[{"href":"https:\/\/ecoleselva.fr\/index.php?rest_route=%2Fwp%2Fv2%2Fmedia&parent=19"}],"curies":[{"name":"wp","href":"https:\/\/api.w.org\/{rel}","templated":true}]}}