{"id":21,"date":"2021-06-28T12:29:44","date_gmt":"2021-06-28T10:29:44","guid":{"rendered":"http:\/\/ecoleselva.fr\/?page_id=21"},"modified":"2021-07-01T17:35:34","modified_gmt":"2021-07-01T15:35:34","slug":"selva","status":"publish","type":"page","link":"https:\/\/ecoleselva.fr\/","title":{"rendered":"SELVA"},"content":{"rendered":"\n<h2 class=\"has-text-align-center\">&#8220;Quand les enfants sont libres de se mouvoir dans la nature, leur force se r\u00e9v\u00e8le&#8221;<\/h2>\n\n\n\n<h2 class=\"has-text-align-center\"><strong>Maria Montessori<\/strong><\/h2>\n\n\n\n<p class=\"has-drop-cap has-large-font-size\">L\u2019 \u00e9cole Selva est une \u00e9cole priv\u00e9e hors contrat qui accueille les enfants de la maternelle \u00e0 la terminale dans l\u2019\u00e9colieu la Renardi\u00e8re \u00e0 \u00c9tables en Ard\u00e8che Verte sur 4 hectares de Nature et for\u00eat.<\/p>\n\n\n\n<p class=\"has-drop-cap has-large-font-size\">Inspir\u00e9e du concept des\u00a0forest schools scandinaves des ann\u00e9es 50 et n\u00e9es en 1928 aux \u00c9tats-Unis, dans lesquelles la classe a lieu dehors dans un environnement naturel, notre \u00e9cole sera impr\u00e9gn\u00e9e de la p\u00e9dagogie par la nature dont les Clefs sont:<\/p>\n\n\n\n<ul class=\"has-large-font-size\"><li>la prise de risques mesur\u00e9s<\/li><li>Le jeu libre<\/li><li>l\u2019adulte comme guide et personne ressource<\/li><li>La bienveillance et la coop\u00e9ration<\/li><\/ul>\n","protected":false},"excerpt":{"rendered":"<p>&#8220;Quand les enfants sont libres de se mouvoir dans la nature, leur force se r\u00e9v\u00e8le&#8221; Maria Montessori L\u2019 \u00e9cole Selva est une \u00e9cole priv\u00e9e hors contrat qui accueille les enfants de la maternelle \u00e0 la terminale dans l\u2019\u00e9colieu la Renardi\u00e8re \u00e0 \u00c9tables en Ard\u00e8che Verte sur 4 hectares de Nature et for\u00eat. Inspir\u00e9e du concept [&hellip;]<\/p>\n","protected":false},"author":1,"featured_media":26,"parent":0,"menu_order":0,"comment_status":"closed","ping_status":"closed","template":"","meta":[],"_links":{"self":[{"href":"https:\/\/ecoleselva.fr\/index.php?rest_route=\/wp\/v2\/pages\/21"}],"collection":[{"href":"https:\/\/ecoleselva.fr\/index.php?rest_route=\/wp\/v2\/pages"}],"about":[{"href":"https:\/\/ecoleselva.fr\/index.php?rest_route=\/wp\/v2\/types\/page"}],"author":[{"embeddable":true,"href":"https:\/\/ecoleselva.fr\/index.php?rest_route=\/wp\/v2\/users\/1"}],"replies":[{"embeddable":true,"href":"https:\/\/ecoleselva.fr\/index.php?rest_route=%2Fwp%2Fv2%2Fcomments&post=21"}],"version-history":[{"count":3,"href":"https:\/\/ecoleselva.fr\/index.php?rest_route=\/wp\/v2\/pages\/21\/revisions"}],"predecessor-version":[{"id":58,"href":"https:\/\/ecoleselva.fr\/index.php?rest_route=\/wp\/v2\/pages\/21\/revisions\/58"}],"wp:featuredmedia":[{"embeddable":true,"href":"https:\/\/ecoleselva.fr\/index.php?rest_route=\/wp\/v2\/media\/26"}],"wp:attachment":[{"href":"https:\/\/ecoleselva.fr\/index.php?rest_route=%2Fwp%2Fv2%2Fmedia&parent=21"}],"curies":[{"name":"wp","href":"https:\/\/api.w.org\/{rel}","templated":true}]}}