{"id":7,"date":"2021-06-28T12:25:12","date_gmt":"2021-06-28T10:25:12","guid":{"rendered":"http:\/\/ecoleselva.fr\/?page_id=7"},"modified":"2021-07-01T17:37:46","modified_gmt":"2021-07-01T15:37:46","slug":"fonctionnement","status":"publish","type":"page","link":"https:\/\/ecoleselva.fr\/?page_id=7","title":{"rendered":"Fonctionnement"},"content":{"rendered":"\n<p>L\u2019organisation quotidienne<strong><\/strong><\/p>\n\n\n\n<p><strong>Le r\u00f4le des parents au sein de l\u2019\u00e9cole<\/strong><strong><\/strong><\/p>\n\n\n\n<p>Les parents sont libres de venir participer \u00e0 des ateliers ou \u00e0 en proposer \u00e0 la classe. Ils seront r\u00e9guli\u00e8rement dans l\u2019ann\u00e9e, invit\u00e9s pour des activit\u00e9s festives dont le but est que les enfants puissent partager leurs d\u00e9couvertes et leur environnement avec eux.<strong><\/strong><\/p>\n\n\n\n<p><strong>L\u2019emploi du temps<\/strong><\/p>\n\n\n\n<p>Les moments d\u2019ouverture de l\u2019\u00e9cole sont&nbsp;: lundis, mardis, jeudis et vendredis de 9h &nbsp;\u00e0 17h.<\/p>\n\n\n\n<p><strong>D\u00e9roulement type d\u2019une matin\u00e9e<\/strong><strong><\/strong><\/p>\n\n\n\n<p><strong>Accueil :<\/strong> \u00e0 9h00.<\/p>\n\n\n\n<p><strong>9h00 \u00e0 9h15 :<\/strong> \u00e9veil corporel et m\u00e9t\u00e9o \u00e9motionnelle<\/p>\n\n\n\n<p><strong>9h15 \u00e0 10h10:<\/strong> activit\u00e9s en lien avec les parcours d\u2019apprentissage de chacun en autonomie<\/p>\n\n\n\n<p><strong>10h10 \u00e0 10h30&nbsp;:<\/strong> jeux libres en ext\u00e9rieur<\/p>\n\n\n\n<p><strong>10h30 \u00e0 11h30&nbsp;:<\/strong> ateliers individuels ou coop\u00e9ratifs en ext\u00e9rieur<\/p>\n\n\n\n<p><strong>11h30 \u00e0 13h30&nbsp;:<\/strong> temps de repas en ext\u00e9rieur, jeux libres et spoting (temps de recentrage et d\u2019observation \u00e0 son coin de nature choisi)<\/p>\n\n\n\n<p><strong>13h30 \u00e0 14h30&nbsp;:<\/strong> activit\u00e9s en lien avec les parcours d\u2019apprentissage de chacun en autonomie et sieste pour les plus jeunes qui en ont besoin<\/p>\n\n\n\n<p><strong>14h30 \u00e015h&nbsp;:<\/strong> jeux libres en ext\u00e9rieur<\/p>\n\n\n\n<p><strong>15h \u00e0 16h45&nbsp;: <\/strong>atelier sciences naturelles ou humaines\/ art\/ sport et pour les plus jeunes ateliers autonomes ou coop\u00e9ratifs en ext\u00e9rieur<\/p>\n\n\n\n<p><strong>16h45 \u00e0 17h&nbsp;:<\/strong> temps de participation au rangement du mat\u00e9riel et \u00e0 la propret\u00e9 du lieu<\/p>\n\n\n\n<p>La libert\u00e9 est laiss\u00e9e aux parents d\u2019organiser les repas, &nbsp;en apportant un panier repas individuel. La pr\u00e9sence de parents sur le temps de repas est bienvenue pour apporter une aide &nbsp;et assurer une surveillance de l\u2019espace de jeu libre.<\/p>\n\n\n\n<p>Une fois par semaine, un temps sera consacr\u00e9 au conseil de vie collective (organe de d\u00e9cisions communes des r\u00e8gles de vie et prises de d\u00e9cisions pour la vie du groupe).<\/p>\n\n\n\n<p>Chaque fois que n\u00e9cessaire, un cercle de restauration de la paix se tiendra afin de r\u00e9guler les conflits et \u00e9ventuelles transgressions des r\u00e8gles. Des m\u00e9diations seront \u00e9galement propos\u00e9es si des conflits individuels apparaissent.<\/p>\n\n\n\n<p>Les activit\u00e9s propos\u00e9es \u00e0 l\u2019\u00e9cole &nbsp;seront compl\u00e9t\u00e9es tout au long de l\u2019ann\u00e9e scolaire par la mise en place de <strong>projets \u00e9co citoyens<\/strong> (les <strong>Parenth\u00e8ses Citoyennes<\/strong>), d\u2019<strong>entraide<\/strong> et de <strong>solidarit\u00e9<\/strong>, de sorties (visites, d\u00e9couvertes, etc.), d\u2019ateliers (d\u00e9bat philosophique, par ex.) et par l\u2019organisation de <strong>moments festifs<\/strong>.<\/p>\n\n\n\n<p>Les temps de repas et de jeux sont g\u00e9r\u00e9s par le personnel de l\u2019\u00e9cole avec l\u2019aide des parents.<\/p>\n\n\n\n<p>Les \u00e9l\u00e8ves qui souhaiteront se pr\u00e9senter aux \u00e9preuves du baccalaur\u00e9at ou du dipl\u00f4me national du brevet seront accompagn\u00e9s dans leur projet et pr\u00e9par\u00e9s aux examens.<\/p>\n","protected":false},"excerpt":{"rendered":"<p>L\u2019organisation quotidienne Le r\u00f4le des parents au sein de l\u2019\u00e9cole Les parents sont libres de venir participer \u00e0 des ateliers ou \u00e0 en proposer \u00e0 la classe. Ils seront r\u00e9guli\u00e8rement dans l\u2019ann\u00e9e, invit\u00e9s pour des activit\u00e9s festives dont le but est que les enfants puissent partager leurs d\u00e9couvertes et leur environnement avec eux. L\u2019emploi du [&hellip;]<\/p>\n","protected":false},"author":1,"featured_media":0,"parent":0,"menu_order":0,"comment_status":"closed","ping_status":"closed","template":"","meta":[],"_links":{"self":[{"href":"https:\/\/ecoleselva.fr\/index.php?rest_route=\/wp\/v2\/pages\/7"}],"collection":[{"href":"https:\/\/ecoleselva.fr\/index.php?rest_route=\/wp\/v2\/pages"}],"about":[{"href":"https:\/\/ecoleselva.fr\/index.php?rest_route=\/wp\/v2\/types\/page"}],"author":[{"embeddable":true,"href":"https:\/\/ecoleselva.fr\/index.php?rest_route=\/wp\/v2\/users\/1"}],"replies":[{"embeddable":true,"href":"https:\/\/ecoleselva.fr\/index.php?rest_route=%2Fwp%2Fv2%2Fcomments&post=7"}],"version-history":[{"count":2,"href":"https:\/\/ecoleselva.fr\/index.php?rest_route=\/wp\/v2\/pages\/7\/revisions"}],"predecessor-version":[{"id":59,"href":"https:\/\/ecoleselva.fr\/index.php?rest_route=\/wp\/v2\/pages\/7\/revisions\/59"}],"wp:attachment":[{"href":"https:\/\/ecoleselva.fr\/index.php?rest_route=%2Fwp%2Fv2%2Fmedia&parent=7"}],"curies":[{"name":"wp","href":"https:\/\/api.w.org\/{rel}","templated":true}]}}